{"id":16,"date":"2023-08-10T18:37:55","date_gmt":"2023-08-10T21:37:55","guid":{"rendered":"https:\/\/agendamento.noticiasfoco.club\/?page_id=16"},"modified":"2023-08-11T00:07:40","modified_gmt":"2023-08-11T03:07:40","slug":"as-vezes-a-vida-vai-te-acertar-um-tijolo-na-cabeca-nao-perca-a-fe-steve-jobs","status":"publish","type":"page","link":"https:\/\/agendamento.noticiasfoco.club\/","title":{"rendered":"\u00c0s vezes, a vida vai te acertar um tijolo na cabe\u00e7a. N\u00e3o perca a f\u00e9. &#8211; Steve Jobs"},"content":{"rendered":"\r\n<div style=\"width: 100%; height: 0; padding-bottom: 42%; position: relative;\"><iframe loading=\"lazy\" class=\"giphy-embed\" style=\"position: absolute;\" src=\"https:\/\/giphy.com\/embed\/3oEduPiS1VU9azQb9m\" width=\"100%\" height=\"100%\" frameborder=\"0\" allowfullscreen=\"allowfullscreen\"><\/iframe><\/div>\r\n<p><a href=\"https:\/\/giphy.com\/gifs\/filmlinc-steve-jobs-nyff-new-york-film-festival-3oEduPiS1VU9azQb9m\">via GIPHY<\/a><\/p>\r\n","protected":false},"excerpt":{"rendered":"<p>via GIPHY<\/p>\n","protected":false},"author":1,"featured_media":0,"parent":0,"menu_order":0,"comment_status":"closed","ping_status":"closed","template":"","meta":{"footnotes":""},"class_list":["post-16","page","type-page","status-publish","hentry","post-item clearfix"],"_links":{"self":[{"href":"https:\/\/agendamento.noticiasfoco.club\/index.php\/wp-json\/wp\/v2\/pages\/16","targetHints":{"allow":["GET"]}}],"collection":[{"href":"https:\/\/agendamento.noticiasfoco.club\/index.php\/wp-json\/wp\/v2\/pages"}],"about":[{"href":"https:\/\/agendamento.noticiasfoco.club\/index.php\/wp-json\/wp\/v2\/types\/page"}],"author":[{"embeddable":true,"href":"https:\/\/agendamento.noticiasfoco.club\/index.php\/wp-json\/wp\/v2\/users\/1"}],"replies":[{"embeddable":true,"href":"https:\/\/agendamento.noticiasfoco.club\/index.php\/wp-json\/wp\/v2\/comments?post=16"}],"version-history":[{"count":5,"href":"https:\/\/agendamento.noticiasfoco.club\/index.php\/wp-json\/wp\/v2\/pages\/16\/revisions"}],"predecessor-version":[{"id":24,"href":"https:\/\/agendamento.noticiasfoco.club\/index.php\/wp-json\/wp\/v2\/pages\/16\/revisions\/24"}],"wp:attachment":[{"href":"https:\/\/agendamento.noticiasfoco.club\/index.php\/wp-json\/wp\/v2\/media?parent=16"}],"curies":[{"name":"wp","href":"https:\/\/api.w.org\/{rel}","templated":true}]}}